{"id":1587,"date":"2025-11-20T22:58:36","date_gmt":"2025-11-20T22:58:36","guid":{"rendered":"https:\/\/dev-cevia.com\/?page_id=1587"},"modified":"2025-12-03T10:21:12","modified_gmt":"2025-12-03T09:21:12","slug":"mon-compte","status":"publish","type":"page","link":"https:\/\/cevia.ai\/en\/mon-compte\/","title":{"rendered":"My Account"},"content":{"rendered":"<div data-elementor-type=\"wp-post\" data-elementor-id=\"1587\" class=\"elementor elementor-1587\" data-elementor-post-type=\"page\">\n\t\t\t\t\t\t<section class=\"elementor-section elementor-top-section elementor-element elementor-element-1b8cb6b8 elementor-section-full_width elementor-section-height-min-height elementor-section-height-default elementor-section-items-middle\" data-id=\"1b8cb6b8\" data-element_type=\"section\" data-e-type=\"section\">\n\t\t\t\t\t\t\t<div class=\"elementor-background-overlay\"><\/div>\n\t\t\t\t\t\t\t<div class=\"elementor-container elementor-column-gap-no\">\n\t\t\t\t\t<div class=\"elementor-column elementor-col-100 elementor-top-column elementor-element elementor-element-1338e95c\" data-id=\"1338e95c\" data-element_type=\"column\" data-e-type=\"column\">\n\t\t\t<div class=\"elementor-widget-wrap elementor-element-populated\">\n\t\t\t\t\t\t<div class=\"elementor-element elementor-element-3f130327 elementor-widget elementor-widget-themo-slider\" data-id=\"3f130327\" data-element_type=\"widget\" data-e-type=\"widget\" data-widget_type=\"themo-slider.default\">\n\t\t\t\t<div class=\"elementor-widget-container\">\n\t\t\t\t\t\n\t\t<div id=\"main-flex-slider\" class=\"flexslider\">\n\t\t\t<ul class=\"slides\">\n\t\t\t\t\n                    \n                    \n\t\t\t\t\t\t\t\t\t\t                    \n                    <li class=\"elementor-repeater-item-v4eqdmj\">\n\t\t\t\t\t\t<div class=\"slider-bg slide-cal-center\">\n                            <div class=\"th-slide-wrap has-image-bg\">\n                                <div class=\"th-slide-inner  th-left\">\n                                    <div class=\"th-slide-content\">\n                                                                                    <h1 class=\"slider-title\">Learn at your own pace<\/h1>\n                                        \n                                                                                    <div class=\"slider-subtitle\">\n                                                <p>Access your training freely: learn whenever you want, wherever you want.<\/p>\n                                            <\/div>\n                                                                                \n                                        \n                                                                                                                                                                            \n                                            <div><\/div>                                                                            <\/div>\n                                <\/div>\n\t\t\t\t\t\t\t<\/div>\n\t\t\t\t\t\t<\/div>\n\t\t\t\t\t<\/li>\n\t\t\t\t\n                    \n                    \n\t\t\t\t\t\t\t\t\t\t                    \n                    <li class=\"elementor-repeater-item-p2a4qju\">\n\t\t\t\t\t\t<div class=\"slider-bg slide-cal-center\">\n                            <div class=\"th-slide-wrap has-image-bg th-slide-wrap has-image-bg\">\n                                <div class=\"th-slide-inner  th-right\">\n                                    <div class=\"th-slide-content\">\n                                                                                    <h1 class=\"slider-title\">Blog - CEVIA<\/h1>\n                                        \n                                                                                    <div class=\"slider-subtitle\">\n                                                <p>Dive into an ocean of AI knowledge: our articles are waiting for you.<\/p>\n                                            <\/div>\n                                                                                                                            <div class=\"th-btn-wrap\">\n                                                                                                                                                            <a class=\"btn-1 btn th-btn btn-ghost-light\" href=\"\/en\/blog\/\">\n                                                                                                                            See the Articles                                                                                                                    <\/a>\n                                                                                                                                                                                                <\/div>\n                                        \n                                        \n                                                                                                                                                                            \n                                            <div><\/div>                                                                            <\/div>\n                                <\/div>\n\t\t\t\t\t\t\t<\/div>\n\t\t\t\t\t\t<\/div>\n\t\t\t\t\t<\/li>\n\t\t\t\t\t\t\t<\/ul>\n\n\t\t\t\t\t<\/div>\n\n\t\t<script>\n\t\t\tjQuery( function ( $ ) {\n\n\t\t\t\tthemo_start_flex_slider(\n\t\t\t\t\t'.flexslider',\n                    true,\n\t\t\t\t\t'fade',\n\t\t\t\t\t'swing',\n\t\t\t\t\ttrue,\n\t\t\t\t\ttrue,\n\t\t\t\t\t10000,\n\t\t\t\t\t550,\n\t\t\t\t\tfalse,\n\t\t\t\t\ttrue,\n\t\t\t\t\ttrue,\n\t\t\t\t\ttrue,\n\t\t\t\t\ttrue\t\t\t\t);\n\t\t\t} );\n\t\t<\/script>\n\t\t\t\t\t\t<\/div>\n\t\t\t\t<\/div>\n\t\t\t\t\t<\/div>\n\t\t<\/div>\n\t\t\t\t\t<\/div>\n\t\t<\/section>\n\t\t\t\t<section class=\"elementor-section elementor-top-section elementor-element elementor-element-17785577 elementor-section-full_width elementor-section-height-default elementor-section-height-default\" data-id=\"17785577\" data-element_type=\"section\" data-e-type=\"section\" data-settings=\"{&quot;background_background&quot;:&quot;classic&quot;}\">\n\t\t\t\t\t\t<div class=\"elementor-container elementor-column-gap-default\">\n\t\t\t\t\t<div class=\"elementor-column elementor-col-100 elementor-top-column elementor-element elementor-element-431efa84\" data-id=\"431efa84\" data-element_type=\"column\" data-e-type=\"column\" data-settings=\"{&quot;background_background&quot;:&quot;classic&quot;}\">\n\t\t\t<div class=\"elementor-widget-wrap elementor-element-populated\">\n\t\t\t\t\t\t<div class=\"elementor-element elementor-element-7fe2863 elementor-widget elementor-widget-html\" data-id=\"7fe2863\" data-element_type=\"widget\" data-e-type=\"widget\" data-widget_type=\"html.default\">\n\t\t\t\t<div class=\"elementor-widget-container\">\n\t\t\t\t\t\t\t\t\t<\/div>\n\t\t\t\t<\/div>\n\t\t\t\t\t<\/div>\n\t\t<\/div>\n\t\t\t\t\t<\/div>\n\t\t<\/section>\n\t\t\t\t<section class=\"elementor-section elementor-top-section elementor-element elementor-element-46008da elementor-section-boxed elementor-section-height-default elementor-section-height-default\" data-id=\"46008da\" data-element_type=\"section\" data-e-type=\"section\">\n\t\t\t\t\t\t<div class=\"elementor-container elementor-column-gap-default\">\n\t\t\t\t\t<div class=\"elementor-column elementor-col-100 elementor-top-column elementor-element elementor-element-e5fa663\" data-id=\"e5fa663\" data-element_type=\"column\" data-e-type=\"column\">\n\t\t\t<div class=\"elementor-widget-wrap elementor-element-populated\">\n\t\t\t\t\t\t<div class=\"elementor-element elementor-element-7420774 elementor-widget elementor-widget-html\" data-id=\"7420774\" data-element_type=\"widget\" data-e-type=\"widget\" data-widget_type=\"html.default\">\n\t\t\t\t<div class=\"elementor-widget-container\">\n\t\t\t\t\t\t\t\t\t<\/div>\n\t\t\t\t<\/div>\n\t\t\t\t<section class=\"elementor-section elementor-inner-section elementor-element elementor-element-9d4182e elementor-section-boxed elementor-section-height-default elementor-section-height-default\" data-id=\"9d4182e\" data-element_type=\"section\" data-e-type=\"section\">\n\t\t\t\t\t\t<div class=\"elementor-container elementor-column-gap-default\">\n\t\t\t\t\t<div class=\"elementor-column elementor-col-50 elementor-inner-column elementor-element elementor-element-5c07a46\" data-id=\"5c07a46\" data-element_type=\"column\" data-e-type=\"column\">\n\t\t\t<div class=\"elementor-widget-wrap elementor-element-populated\">\n\t\t\t\t\t\t<div class=\"elementor-element elementor-element-36d4904 elementor-widget elementor-widget-text-editor\" data-id=\"36d4904\" data-element_type=\"widget\" data-e-type=\"widget\" data-widget_type=\"text-editor.default\">\n\t\t\t\t<div class=\"elementor-widget-container\">\n\t\t\t\t\t\t\t\t\t<div class=\"woocommerce\"><\/div>\t\t\t\t\t\t\t\t<\/div>\n\t\t\t\t<\/div>\n\t\t\t\t<div class=\"elementor-element elementor-element-f70b3d5 elementor-widget elementor-widget-spacer\" data-id=\"f70b3d5\" data-element_type=\"widget\" data-e-type=\"widget\" data-widget_type=\"spacer.default\">\n\t\t\t\t<div class=\"elementor-widget-container\">\n\t\t\t\t\t\t\t<div class=\"elementor-spacer\">\n\t\t\t<div class=\"elementor-spacer-inner\"><\/div>\n\t\t<\/div>\n\t\t\t\t\t\t<\/div>\n\t\t\t\t<\/div>\n\t\t\t\t\t<\/div>\n\t\t<\/div>\n\t\t\t\t<div class=\"elementor-column elementor-col-50 elementor-inner-column elementor-element elementor-element-15884cb\" data-id=\"15884cb\" data-element_type=\"column\" data-e-type=\"column\">\n\t\t\t<div class=\"elementor-widget-wrap elementor-element-populated\">\n\t\t\t\t\t\t<div class=\"elementor-element elementor-element-cdcd8c8 elementor-widget elementor-widget-spacer\" data-id=\"cdcd8c8\" data-element_type=\"widget\" data-e-type=\"widget\" data-widget_type=\"spacer.default\">\n\t\t\t\t<div class=\"elementor-widget-container\">\n\t\t\t\t\t\t\t<div class=\"elementor-spacer\">\n\t\t\t<div class=\"elementor-spacer-inner\"><\/div>\n\t\t<\/div>\n\t\t\t\t\t\t<\/div>\n\t\t\t\t<\/div>\n\t\t\t\t<div class=\"elementor-element elementor-element-53171e0 elementor-view-default elementor-position-top elementor-invisible elementor-widget elementor-widget-themo-header\" data-id=\"53171e0\" data-element_type=\"widget\" data-e-type=\"widget\" data-settings=\"{&quot;_animation&quot;:&quot;fadeInUp&quot;}\" data-widget_type=\"themo-header.default\">\n\t\t\t\t<div class=\"elementor-widget-container\">\n\t\t\t\t\t\t\t<div class=\"th-header-wrap\">\n        <div class=\"elementor-icon-box-wrapper\">\n                            <div class=\"elementor-icon-box-content\">\n                    <h2 class=\"elementor-icon-box-title\">\n                        Vous n\u2019avez pas encore de compte ?                    <\/h2>\n                                            <span class=\"th-header-divider\"><\/span>\n                                        <p class=\"elementor-icon-box-description\">L\u2019acc\u00e8s \u00e0 votre espace \u00e9tudiant sera automatiquement cr\u00e9\u00e9 apr\u00e8s l\u2019achat de la formation.\nCommencez votre inscription d\u00e8s maintenant Acc\u00e9der \u00e0 la formation<\/p>\n\n                                    <\/div>\n            <\/div>\n\n        <\/div>\n\n\t\t\t\t\t\t<\/div>\n\t\t\t\t<\/div>\n\t\t\t\t<div class=\"elementor-element elementor-element-e28101a elementor-align-center elementor-invisible elementor-widget elementor-widget-button\" data-id=\"e28101a\" data-element_type=\"widget\" data-e-type=\"widget\" data-settings=\"{&quot;_animation&quot;:&quot;fadeInRight&quot;,&quot;_animation_delay&quot;:150}\" data-widget_type=\"button.default\">\n\t\t\t\t<div class=\"elementor-widget-container\">\n\t\t\t\t\t\t\t\t\t<div class=\"elementor-button-wrapper\">\n\t\t\t\t\t<a class=\"elementor-button elementor-button-link elementor-size-sm\" href=\"\/en\/paiement\/?add-to-cart=1490&#038;quantity=1\">\n\t\t\t\t\t\t<span class=\"elementor-button-content-wrapper\">\n\t\t\t\t\t\t\t\t\t<span class=\"elementor-button-text\">Start my registration<\/span>\n\t\t\t\t\t<\/span>\n\t\t\t\t\t<\/a>\n\t\t\t\t<\/div>\n\t\t\t\t\t\t\t\t<\/div>\n\t\t\t\t<\/div>\n\t\t\t\t\t<\/div>\n\t\t<\/div>\n\t\t\t\t\t<\/div>\n\t\t<\/section>\n\t\t\t\t<div class=\"elementor-element elementor-element-38ddfc2 elementor-widget elementor-widget-html\" data-id=\"38ddfc2\" data-element_type=\"widget\" data-e-type=\"widget\" data-widget_type=\"html.default\">\n\t\t\t\t<div class=\"elementor-widget-container\">\n\t\t\t\t\t\t\t\t\t<\/div>\n\t\t\t\t<\/div>\n\t\t\t\t\t<\/div>\n\t\t<\/div>\n\t\t\t\t\t<\/div>\n\t\t<\/section>\n\t\t\t\t<\/div>","protected":false},"excerpt":{"rendered":"<p>Apprenez \u00e0 votre rythme Acc\u00e9dez en toute libert\u00e9 \u00e0 votre formation : apprenez quand vous voulez, o\u00f9 vous voulez. Blog &#8211; CEVIA Plongez dans un oc\u00e9an de connaissances en IA : nos articles vous attendent. Voir les articles<\/p>","protected":false},"author":2,"featured_media":0,"parent":0,"menu_order":61,"comment_status":"closed","ping_status":"closed","template":"","meta":{"footnotes":""},"class_list":["post-1587","page","type-page","status-publish","hentry"],"yoast_head":"<!-- This site is optimized with the Yoast SEO plugin v27.2 - https:\/\/yoast.com\/product\/yoast-seo-wordpress\/ -->\n<title>Mon compte - CEVIA<\/title>\n<meta name=\"robots\" content=\"index, follow, max-snippet:-1, max-image-preview:large, max-video-preview:-1\" \/>\n<link rel=\"canonical\" href=\"https:\/\/cevia.ai\/en\/mon-compte\/\" \/>\n<meta property=\"og:locale\" content=\"en_GB\" \/>\n<meta property=\"og:type\" content=\"article\" \/>\n<meta property=\"og:title\" content=\"Mon compte - CEVIA\" \/>\n<meta property=\"og:description\" content=\"Apprenez \u00e0 votre rythme Acc\u00e9dez en toute libert\u00e9 \u00e0 votre formation : apprenez quand vous voulez, o\u00f9 vous voulez. Blog &#8211; CEVIA Plongez dans un oc\u00e9an de connaissances en IA : nos articles vous attendent. Voir les articles\" \/>\n<meta property=\"og:url\" content=\"https:\/\/cevia.ai\/en\/mon-compte\/\" \/>\n<meta property=\"og:site_name\" content=\"CEVIA\" \/>\n<meta property=\"article:publisher\" content=\"https:\/\/www.facebook.com\/cevia.a.i\" \/>\n<meta property=\"article:modified_time\" content=\"2025-12-03T09:21:12+00:00\" \/>\n<meta property=\"og:image\" content=\"https:\/\/cevia.ai\/wp-content\/uploads\/2025\/11\/CEVIA-3.webp\" \/>\n\t<meta property=\"og:image:width\" content=\"1920\" \/>\n\t<meta property=\"og:image:height\" content=\"960\" \/>\n\t<meta property=\"og:image:type\" content=\"image\/webp\" \/>\n<meta name=\"twitter:card\" content=\"summary_large_image\" \/>\n<meta name=\"twitter:label1\" content=\"Estimated reading time\" \/>\n\t<meta name=\"twitter:data1\" content=\"1 minute\" \/>\n<script type=\"application\/ld+json\" class=\"yoast-schema-graph\">{\"@context\":\"https:\/\/schema.org\",\"@graph\":[{\"@type\":\"WebPage\",\"@id\":\"https:\/\/cevia.ai\/mon-compte\/\",\"url\":\"https:\/\/cevia.ai\/mon-compte\/\",\"name\":\"Mon compte - CEVIA\",\"isPartOf\":{\"@id\":\"https:\/\/cevia.ai\/#website\"},\"primaryImageOfPage\":{\"@id\":\"https:\/\/cevia.ai\/mon-compte\/#primaryimage\"},\"image\":{\"@id\":\"https:\/\/cevia.ai\/mon-compte\/#primaryimage\"},\"thumbnailUrl\":\"https:\/\/cevia.ai\/wp-content\/uploads\/2025\/11\/CEVIA-3.webp\",\"datePublished\":\"2025-11-20T22:58:36+00:00\",\"dateModified\":\"2025-12-03T09:21:12+00:00\",\"breadcrumb\":{\"@id\":\"https:\/\/cevia.ai\/mon-compte\/#breadcrumb\"},\"inLanguage\":\"en-GB\",\"potentialAction\":[{\"@type\":\"ReadAction\",\"target\":[\"https:\/\/cevia.ai\/mon-compte\/\"]}]},{\"@type\":\"ImageObject\",\"inLanguage\":\"en-GB\",\"@id\":\"https:\/\/cevia.ai\/mon-compte\/#primaryimage\",\"url\":\"https:\/\/cevia.ai\/wp-content\/uploads\/2025\/11\/CEVIA-3.webp\",\"contentUrl\":\"https:\/\/cevia.ai\/wp-content\/uploads\/2025\/11\/CEVIA-3.webp\"},{\"@type\":\"BreadcrumbList\",\"@id\":\"https:\/\/cevia.ai\/mon-compte\/#breadcrumb\",\"itemListElement\":[{\"@type\":\"ListItem\",\"position\":1,\"name\":\"Accueil\",\"item\":\"https:\/\/cevia.ai\/\"},{\"@type\":\"ListItem\",\"position\":2,\"name\":\"Mon compte\"}]},{\"@type\":\"WebSite\",\"@id\":\"https:\/\/cevia.ai\/#website\",\"url\":\"https:\/\/cevia.ai\/\",\"name\":\"CEVIA\",\"description\":\"Intelligence artificielle\",\"publisher\":{\"@id\":\"https:\/\/cevia.ai\/#organization\"},\"potentialAction\":[{\"@type\":\"SearchAction\",\"target\":{\"@type\":\"EntryPoint\",\"urlTemplate\":\"https:\/\/cevia.ai\/?s={search_term_string}\"},\"query-input\":{\"@type\":\"PropertyValueSpecification\",\"valueRequired\":true,\"valueName\":\"search_term_string\"}}],\"inLanguage\":\"en-GB\"},{\"@type\":\"Organization\",\"@id\":\"https:\/\/cevia.ai\/#organization\",\"name\":\"CEVIA\",\"url\":\"https:\/\/cevia.ai\/\",\"logo\":{\"@type\":\"ImageObject\",\"inLanguage\":\"en-GB\",\"@id\":\"https:\/\/cevia.ai\/#\/schema\/logo\/image\/\",\"url\":\"https:\/\/cevia.ai\/wp-content\/uploads\/2025\/11\/CEVIA-white-logo.svg\",\"contentUrl\":\"https:\/\/cevia.ai\/wp-content\/uploads\/2025\/11\/CEVIA-white-logo.svg\",\"width\":100,\"height\":1920,\"caption\":\"CEVIA\"},\"image\":{\"@id\":\"https:\/\/cevia.ai\/#\/schema\/logo\/image\/\"},\"sameAs\":[\"https:\/\/www.facebook.com\/cevia.a.i\",\"https:\/\/www.linkedin.com\/company\/cevia-ai\/?originalSubdomain=be\",\"https:\/\/www.youtube.com\/@cevia.ai250\"]}]}<\/script>\n<!-- \/ Yoast SEO plugin. -->","yoast_head_json":{"title":"Mon compte - CEVIA","robots":{"index":"index","follow":"follow","max-snippet":"max-snippet:-1","max-image-preview":"max-image-preview:large","max-video-preview":"max-video-preview:-1"},"canonical":"https:\/\/cevia.ai\/en\/mon-compte\/","og_locale":"en_GB","og_type":"article","og_title":"Mon compte - CEVIA","og_description":"Apprenez \u00e0 votre rythme Acc\u00e9dez en toute libert\u00e9 \u00e0 votre formation : apprenez quand vous voulez, o\u00f9 vous voulez. Blog &#8211; CEVIA Plongez dans un oc\u00e9an de connaissances en IA : nos articles vous attendent. Voir les articles","og_url":"https:\/\/cevia.ai\/en\/mon-compte\/","og_site_name":"CEVIA","article_publisher":"https:\/\/www.facebook.com\/cevia.a.i","article_modified_time":"2025-12-03T09:21:12+00:00","og_image":[{"width":1920,"height":960,"url":"https:\/\/cevia.ai\/wp-content\/uploads\/2025\/11\/CEVIA-3.webp","type":"image\/webp"}],"twitter_card":"summary_large_image","twitter_misc":{"Estimated reading time":"1 minute"},"schema":{"@context":"https:\/\/schema.org","@graph":[{"@type":"WebPage","@id":"https:\/\/cevia.ai\/mon-compte\/","url":"https:\/\/cevia.ai\/mon-compte\/","name":"Mon compte - CEVIA","isPartOf":{"@id":"https:\/\/cevia.ai\/#website"},"primaryImageOfPage":{"@id":"https:\/\/cevia.ai\/mon-compte\/#primaryimage"},"image":{"@id":"https:\/\/cevia.ai\/mon-compte\/#primaryimage"},"thumbnailUrl":"https:\/\/cevia.ai\/wp-content\/uploads\/2025\/11\/CEVIA-3.webp","datePublished":"2025-11-20T22:58:36+00:00","dateModified":"2025-12-03T09:21:12+00:00","breadcrumb":{"@id":"https:\/\/cevia.ai\/mon-compte\/#breadcrumb"},"inLanguage":"en-GB","potentialAction":[{"@type":"ReadAction","target":["https:\/\/cevia.ai\/mon-compte\/"]}]},{"@type":"ImageObject","inLanguage":"en-GB","@id":"https:\/\/cevia.ai\/mon-compte\/#primaryimage","url":"https:\/\/cevia.ai\/wp-content\/uploads\/2025\/11\/CEVIA-3.webp","contentUrl":"https:\/\/cevia.ai\/wp-content\/uploads\/2025\/11\/CEVIA-3.webp"},{"@type":"BreadcrumbList","@id":"https:\/\/cevia.ai\/mon-compte\/#breadcrumb","itemListElement":[{"@type":"ListItem","position":1,"name":"Accueil","item":"https:\/\/cevia.ai\/"},{"@type":"ListItem","position":2,"name":"Mon compte"}]},{"@type":"WebSite","@id":"https:\/\/cevia.ai\/#website","url":"https:\/\/cevia.ai\/","name":"CEVIA","description":"Intelligence artificielle","publisher":{"@id":"https:\/\/cevia.ai\/#organization"},"potentialAction":[{"@type":"SearchAction","target":{"@type":"EntryPoint","urlTemplate":"https:\/\/cevia.ai\/?s={search_term_string}"},"query-input":{"@type":"PropertyValueSpecification","valueRequired":true,"valueName":"search_term_string"}}],"inLanguage":"en-GB"},{"@type":"Organization","@id":"https:\/\/cevia.ai\/#organization","name":"CEVIA","url":"https:\/\/cevia.ai\/","logo":{"@type":"ImageObject","inLanguage":"en-GB","@id":"https:\/\/cevia.ai\/#\/schema\/logo\/image\/","url":"https:\/\/cevia.ai\/wp-content\/uploads\/2025\/11\/CEVIA-white-logo.svg","contentUrl":"https:\/\/cevia.ai\/wp-content\/uploads\/2025\/11\/CEVIA-white-logo.svg","width":100,"height":1920,"caption":"CEVIA"},"image":{"@id":"https:\/\/cevia.ai\/#\/schema\/logo\/image\/"},"sameAs":["https:\/\/www.facebook.com\/cevia.a.i","https:\/\/www.linkedin.com\/company\/cevia-ai\/?originalSubdomain=be","https:\/\/www.youtube.com\/@cevia.ai250"]}]}},"jetpack_sharing_enabled":true,"_links":{"self":[{"href":"https:\/\/cevia.ai\/en\/wp-json\/wp\/v2\/pages\/1587","targetHints":{"allow":["GET"]}}],"collection":[{"href":"https:\/\/cevia.ai\/en\/wp-json\/wp\/v2\/pages"}],"about":[{"href":"https:\/\/cevia.ai\/en\/wp-json\/wp\/v2\/types\/page"}],"author":[{"embeddable":true,"href":"https:\/\/cevia.ai\/en\/wp-json\/wp\/v2\/users\/2"}],"replies":[{"embeddable":true,"href":"https:\/\/cevia.ai\/en\/wp-json\/wp\/v2\/comments?post=1587"}],"version-history":[{"count":79,"href":"https:\/\/cevia.ai\/en\/wp-json\/wp\/v2\/pages\/1587\/revisions"}],"predecessor-version":[{"id":2404,"href":"https:\/\/cevia.ai\/en\/wp-json\/wp\/v2\/pages\/1587\/revisions\/2404"}],"wp:attachment":[{"href":"https:\/\/cevia.ai\/en\/wp-json\/wp\/v2\/media?parent=1587"}],"curies":[{"name":"wp","href":"https:\/\/api.w.org\/{rel}","templated":true}]}}