{"id":1637,"date":"2025-11-21T01:51:12","date_gmt":"2025-11-21T01:51:12","guid":{"rendered":"https:\/\/dev-cevia.com\/?page_id=1637"},"modified":"2025-11-22T09:16:32","modified_gmt":"2025-11-22T09:16:32","slug":"certification-ia-microsoft-cours","status":"publish","type":"page","link":"https:\/\/cevia.ai\/en\/certification-ia-microsoft-cours\/","title":{"rendered":"Certification IA Microsoft \u2013 Cours"},"content":{"rendered":"<div data-elementor-type=\"wp-page\" data-elementor-id=\"1637\" class=\"elementor elementor-1637\" data-elementor-post-type=\"page\">\n\t\t\t\t\t\t<section class=\"elementor-section elementor-top-section elementor-element elementor-element-87296fd elementor-section-full_width elementor-section-height-min-height elementor-section-height-default elementor-section-items-middle\" data-id=\"87296fd\" data-element_type=\"section\" data-e-type=\"section\" data-settings=\"{&quot;background_background&quot;:&quot;classic&quot;}\">\n\t\t\t\t\t\t<div class=\"elementor-container elementor-column-gap-default\">\n\t\t\t\t\t<div class=\"elementor-column elementor-col-100 elementor-top-column elementor-element elementor-element-bbee626\" data-id=\"bbee626\" data-element_type=\"column\" data-e-type=\"column\">\n\t\t\t<div class=\"elementor-widget-wrap elementor-element-populated\">\n\t\t\t\t\t\t<div class=\"elementor-element elementor-element-2f67763 elementor-widget elementor-widget-spacer\" data-id=\"2f67763\" data-element_type=\"widget\" data-e-type=\"widget\" data-widget_type=\"spacer.default\">\n\t\t\t\t<div class=\"elementor-widget-container\">\n\t\t\t\t\t\t\t<div class=\"elementor-spacer\">\n\t\t\t<div class=\"elementor-spacer-inner\"><\/div>\n\t\t<\/div>\n\t\t\t\t\t\t<\/div>\n\t\t\t\t<\/div>\n\t\t\t\t\t<\/div>\n\t\t<\/div>\n\t\t\t\t\t<\/div>\n\t\t<\/section>\n\t\t\t\t<section class=\"elementor-section elementor-top-section elementor-element elementor-element-16d478f5 elementor-section-full_width elementor-section-height-default elementor-section-height-default\" data-id=\"16d478f5\" data-element_type=\"section\" data-e-type=\"section\" data-settings=\"{&quot;background_background&quot;:&quot;classic&quot;}\">\n\t\t\t\t\t\t<div class=\"elementor-container elementor-column-gap-default\">\n\t\t\t\t\t<div class=\"elementor-column elementor-col-100 elementor-top-column elementor-element elementor-element-3e1e22c2\" data-id=\"3e1e22c2\" data-element_type=\"column\" data-e-type=\"column\" data-settings=\"{&quot;background_background&quot;:&quot;classic&quot;}\">\n\t\t\t<div class=\"elementor-widget-wrap elementor-element-populated\">\n\t\t\t\t\t\t<div class=\"elementor-element elementor-element-fcb3399 elementor-widget elementor-widget-html\" data-id=\"fcb3399\" data-element_type=\"widget\" data-e-type=\"widget\" data-widget_type=\"html.default\">\n\t\t\t\t<div class=\"elementor-widget-container\">\n\t\t\t\t\t\t\t\t\t<\/div>\n\t\t\t\t<\/div>\n\t\t\t\t\t<\/div>\n\t\t<\/div>\n\t\t\t\t\t<\/div>\n\t\t<\/section>\n\t\t\t\t<section class=\"elementor-section elementor-top-section elementor-element elementor-element-cc06a35 elementor-section-full_width elementor-section-height-default elementor-section-height-default\" data-id=\"cc06a35\" data-element_type=\"section\" data-e-type=\"section\" data-settings=\"{&quot;background_background&quot;:&quot;classic&quot;}\">\n\t\t\t\t\t\t<div class=\"elementor-container elementor-column-gap-default\">\n\t\t\t\t\t<div class=\"elementor-column elementor-col-100 elementor-top-column elementor-element elementor-element-e04ace6\" data-id=\"e04ace6\" data-element_type=\"column\" data-e-type=\"column\" data-settings=\"{&quot;background_background&quot;:&quot;classic&quot;}\">\n\t\t\t<div class=\"elementor-widget-wrap elementor-element-populated\">\n\t\t\t\t\t\t<div class=\"elementor-element elementor-element-03d60d2 elementor-widget elementor-widget-html\" data-id=\"03d60d2\" data-element_type=\"widget\" data-e-type=\"widget\" data-widget_type=\"html.default\">\n\t\t\t\t<div class=\"elementor-widget-container\">\n\t\t\t\t\t\t\t\t\t<\/div>\n\t\t\t\t<\/div>\n\t\t\t\t<section class=\"elementor-section elementor-inner-section elementor-element elementor-element-91f17eb elementor-section-full_width elementor-section-height-default elementor-section-height-default\" data-id=\"91f17eb\" data-element_type=\"section\" data-e-type=\"section\" data-settings=\"{&quot;background_background&quot;:&quot;classic&quot;}\">\n\t\t\t\t\t\t<div class=\"elementor-container elementor-column-gap-default\">\n\t\t\t\t\t<div class=\"elementor-column elementor-col-50 elementor-inner-column elementor-element elementor-element-f6e5aa0\" data-id=\"f6e5aa0\" data-element_type=\"column\" data-e-type=\"column\">\n\t\t\t<div class=\"elementor-widget-wrap elementor-element-populated\">\n\t\t\t\t\t\t<div class=\"elementor-element elementor-element-7238f60 elementor-view-default elementor-position-top elementor-invisible elementor-widget elementor-widget-themo-header\" data-id=\"7238f60\" data-element_type=\"widget\" data-e-type=\"widget\" data-settings=\"{&quot;_animation&quot;:&quot;fadeInUp&quot;}\" data-widget_type=\"themo-header.default\">\n\t\t\t\t<div class=\"elementor-widget-container\">\n\t\t\t\t\t\t\t<div class=\"th-header-wrap\">\n        <div class=\"elementor-icon-box-wrapper\">\n                            <div class=\"elementor-icon-box-content\">\n                    <h2 class=\"elementor-icon-box-title\">\n                        Vous devez \u00eatre connect\u00e9 pour acc\u00e9der \u00e0 cette formation.                    <\/h2>\n                                        <p class=\"elementor-icon-box-description\">Veuillez vous connecter \u00e0 votre compte ou finaliser votre inscription.<\/p>\n\n                                    <\/div>\n            <\/div>\n\n        <\/div>\n\n\t\t\t\t\t\t<\/div>\n\t\t\t\t<\/div>\n\t\t\t\t\t<\/div>\n\t\t<\/div>\n\t\t\t\t<div class=\"elementor-column elementor-col-50 elementor-inner-column elementor-element elementor-element-7af2c4c\" data-id=\"7af2c4c\" data-element_type=\"column\" data-e-type=\"column\">\n\t\t\t<div class=\"elementor-widget-wrap elementor-element-populated\">\n\t\t\t\t\t\t<div class=\"elementor-element elementor-element-c2c784b elementor-align-center elementor-invisible elementor-widget elementor-widget-button\" data-id=\"c2c784b\" data-element_type=\"widget\" data-e-type=\"widget\" data-settings=\"{&quot;_animation&quot;:&quot;fadeInUp&quot;,&quot;_animation_delay&quot;:150}\" data-widget_type=\"button.default\">\n\t\t\t\t<div class=\"elementor-widget-container\">\n\t\t\t\t\t\t\t\t\t<div class=\"elementor-button-wrapper\">\n\t\t\t\t\t<a class=\"elementor-button elementor-button-link elementor-size-sm\" href=\"\/en\/mon-compte\/\">\n\t\t\t\t\t\t<span class=\"elementor-button-content-wrapper\">\n\t\t\t\t\t\t\t\t\t<span class=\"elementor-button-text\">Acc\u00e9der \u00e0 mon compte<\/span>\n\t\t\t\t\t<\/span>\n\t\t\t\t\t<\/a>\n\t\t\t\t<\/div>\n\t\t\t\t\t\t\t\t<\/div>\n\t\t\t\t<\/div>\n\t\t\t\t<div class=\"elementor-element elementor-element-5ee764e elementor-align-center elementor-invisible elementor-widget elementor-widget-button\" data-id=\"5ee764e\" data-element_type=\"widget\" data-e-type=\"widget\" data-settings=\"{&quot;_animation&quot;:&quot;fadeInRight&quot;,&quot;_animation_delay&quot;:150}\" data-widget_type=\"button.default\">\n\t\t\t\t<div class=\"elementor-widget-container\">\n\t\t\t\t\t\t\t\t\t<div class=\"elementor-button-wrapper\">\n\t\t\t\t\t<a class=\"elementor-button elementor-button-link elementor-size-sm\" href=\"\/en\/paiement\/?add-to-cart=1490&#038;quantity=1\">\n\t\t\t\t\t\t<span class=\"elementor-button-content-wrapper\">\n\t\t\t\t\t\t\t\t\t<span class=\"elementor-button-text\">Finaliser mon inscription<\/span>\n\t\t\t\t\t<\/span>\n\t\t\t\t\t<\/a>\n\t\t\t\t<\/div>\n\t\t\t\t\t\t\t\t<\/div>\n\t\t\t\t<\/div>\n\t\t\t\t\t<\/div>\n\t\t<\/div>\n\t\t\t\t\t<\/div>\n\t\t<\/section>\n\t\t\t\t<div class=\"elementor-element elementor-element-7c4fd98 elementor-widget elementor-widget-html\" data-id=\"7c4fd98\" data-element_type=\"widget\" data-e-type=\"widget\" data-widget_type=\"html.default\">\n\t\t\t\t<div class=\"elementor-widget-container\">\n\t\t\t\t\t\t\t\t\t<\/div>\n\t\t\t\t<\/div>\n\t\t\t\t\t<\/div>\n\t\t<\/div>\n\t\t\t\t\t<\/div>\n\t\t<\/section>\n\t\t\t\t<\/div>","protected":false},"excerpt":{"rendered":"","protected":false},"author":2,"featured_media":0,"parent":0,"menu_order":0,"comment_status":"closed","ping_status":"closed","template":"","meta":{"footnotes":""},"class_list":["post-1637","page","type-page","status-publish","hentry"],"yoast_head":"<!-- This site is optimized with the Yoast SEO plugin v27.2 - https:\/\/yoast.com\/product\/yoast-seo-wordpress\/ -->\n<title>Certification IA Microsoft \u2013 Cours - CEVIA<\/title>\n<meta name=\"robots\" content=\"index, follow, max-snippet:-1, max-image-preview:large, max-video-preview:-1\" \/>\n<link rel=\"canonical\" href=\"https:\/\/cevia.ai\/en\/certification-ia-microsoft-cours\/\" \/>\n<meta property=\"og:locale\" content=\"en_GB\" \/>\n<meta property=\"og:type\" content=\"article\" \/>\n<meta property=\"og:title\" content=\"Certification IA Microsoft \u2013 Cours - CEVIA\" \/>\n<meta property=\"og:url\" content=\"https:\/\/cevia.ai\/en\/certification-ia-microsoft-cours\/\" \/>\n<meta property=\"og:site_name\" content=\"CEVIA\" \/>\n<meta property=\"article:publisher\" content=\"https:\/\/www.facebook.com\/cevia.a.i\" \/>\n<meta property=\"article:modified_time\" content=\"2025-11-22T09:16:32+00:00\" \/>\n<meta property=\"og:image\" content=\"https:\/\/cevia.ai\/wp-content\/uploads\/2025\/11\/CEVIA-3.webp\" \/>\n\t<meta property=\"og:image:width\" content=\"1920\" \/>\n\t<meta property=\"og:image:height\" content=\"960\" \/>\n\t<meta property=\"og:image:type\" content=\"image\/webp\" \/>\n<meta name=\"twitter:card\" content=\"summary_large_image\" \/>\n<script type=\"application\/ld+json\" class=\"yoast-schema-graph\">{\"@context\":\"https:\/\/schema.org\",\"@graph\":[{\"@type\":\"WebPage\",\"@id\":\"https:\/\/cevia.ai\/certification-ia-microsoft-cours\/\",\"url\":\"https:\/\/cevia.ai\/certification-ia-microsoft-cours\/\",\"name\":\"Certification IA Microsoft \u2013 Cours - CEVIA\",\"isPartOf\":{\"@id\":\"https:\/\/cevia.ai\/#website\"},\"primaryImageOfPage\":{\"@id\":\"https:\/\/cevia.ai\/certification-ia-microsoft-cours\/#primaryimage\"},\"image\":{\"@id\":\"https:\/\/cevia.ai\/certification-ia-microsoft-cours\/#primaryimage\"},\"thumbnailUrl\":\"https:\/\/cevia.ai\/wp-content\/uploads\/2025\/11\/CEVIA-3.webp\",\"datePublished\":\"2025-11-21T01:51:12+00:00\",\"dateModified\":\"2025-11-22T09:16:32+00:00\",\"breadcrumb\":{\"@id\":\"https:\/\/cevia.ai\/certification-ia-microsoft-cours\/#breadcrumb\"},\"inLanguage\":\"en-GB\",\"potentialAction\":[{\"@type\":\"ReadAction\",\"target\":[\"https:\/\/cevia.ai\/certification-ia-microsoft-cours\/\"]}]},{\"@type\":\"ImageObject\",\"inLanguage\":\"en-GB\",\"@id\":\"https:\/\/cevia.ai\/certification-ia-microsoft-cours\/#primaryimage\",\"url\":\"https:\/\/cevia.ai\/wp-content\/uploads\/2025\/11\/CEVIA-3.webp\",\"contentUrl\":\"https:\/\/cevia.ai\/wp-content\/uploads\/2025\/11\/CEVIA-3.webp\"},{\"@type\":\"BreadcrumbList\",\"@id\":\"https:\/\/cevia.ai\/certification-ia-microsoft-cours\/#breadcrumb\",\"itemListElement\":[{\"@type\":\"ListItem\",\"position\":1,\"name\":\"Accueil\",\"item\":\"https:\/\/cevia.ai\/\"},{\"@type\":\"ListItem\",\"position\":2,\"name\":\"Certification IA Microsoft \u2013 Cours\"}]},{\"@type\":\"WebSite\",\"@id\":\"https:\/\/cevia.ai\/#website\",\"url\":\"https:\/\/cevia.ai\/\",\"name\":\"CEVIA\",\"description\":\"Intelligence artificielle\",\"publisher\":{\"@id\":\"https:\/\/cevia.ai\/#organization\"},\"potentialAction\":[{\"@type\":\"SearchAction\",\"target\":{\"@type\":\"EntryPoint\",\"urlTemplate\":\"https:\/\/cevia.ai\/?s={search_term_string}\"},\"query-input\":{\"@type\":\"PropertyValueSpecification\",\"valueRequired\":true,\"valueName\":\"search_term_string\"}}],\"inLanguage\":\"en-GB\"},{\"@type\":\"Organization\",\"@id\":\"https:\/\/cevia.ai\/#organization\",\"name\":\"CEVIA\",\"url\":\"https:\/\/cevia.ai\/\",\"logo\":{\"@type\":\"ImageObject\",\"inLanguage\":\"en-GB\",\"@id\":\"https:\/\/cevia.ai\/#\/schema\/logo\/image\/\",\"url\":\"https:\/\/cevia.ai\/wp-content\/uploads\/2025\/11\/CEVIA-white-logo.svg\",\"contentUrl\":\"https:\/\/cevia.ai\/wp-content\/uploads\/2025\/11\/CEVIA-white-logo.svg\",\"width\":100,\"height\":1920,\"caption\":\"CEVIA\"},\"image\":{\"@id\":\"https:\/\/cevia.ai\/#\/schema\/logo\/image\/\"},\"sameAs\":[\"https:\/\/www.facebook.com\/cevia.a.i\",\"https:\/\/www.linkedin.com\/company\/cevia-ai\/?originalSubdomain=be\",\"https:\/\/www.youtube.com\/@cevia.ai250\"]}]}<\/script>\n<!-- \/ Yoast SEO plugin. -->","yoast_head_json":{"title":"Certification IA Microsoft \u2013 Cours - CEVIA","robots":{"index":"index","follow":"follow","max-snippet":"max-snippet:-1","max-image-preview":"max-image-preview:large","max-video-preview":"max-video-preview:-1"},"canonical":"https:\/\/cevia.ai\/en\/certification-ia-microsoft-cours\/","og_locale":"en_GB","og_type":"article","og_title":"Certification IA Microsoft \u2013 Cours - CEVIA","og_url":"https:\/\/cevia.ai\/en\/certification-ia-microsoft-cours\/","og_site_name":"CEVIA","article_publisher":"https:\/\/www.facebook.com\/cevia.a.i","article_modified_time":"2025-11-22T09:16:32+00:00","og_image":[{"width":1920,"height":960,"url":"https:\/\/cevia.ai\/wp-content\/uploads\/2025\/11\/CEVIA-3.webp","type":"image\/webp"}],"twitter_card":"summary_large_image","schema":{"@context":"https:\/\/schema.org","@graph":[{"@type":"WebPage","@id":"https:\/\/cevia.ai\/certification-ia-microsoft-cours\/","url":"https:\/\/cevia.ai\/certification-ia-microsoft-cours\/","name":"Certification IA Microsoft \u2013 Cours - CEVIA","isPartOf":{"@id":"https:\/\/cevia.ai\/#website"},"primaryImageOfPage":{"@id":"https:\/\/cevia.ai\/certification-ia-microsoft-cours\/#primaryimage"},"image":{"@id":"https:\/\/cevia.ai\/certification-ia-microsoft-cours\/#primaryimage"},"thumbnailUrl":"https:\/\/cevia.ai\/wp-content\/uploads\/2025\/11\/CEVIA-3.webp","datePublished":"2025-11-21T01:51:12+00:00","dateModified":"2025-11-22T09:16:32+00:00","breadcrumb":{"@id":"https:\/\/cevia.ai\/certification-ia-microsoft-cours\/#breadcrumb"},"inLanguage":"en-GB","potentialAction":[{"@type":"ReadAction","target":["https:\/\/cevia.ai\/certification-ia-microsoft-cours\/"]}]},{"@type":"ImageObject","inLanguage":"en-GB","@id":"https:\/\/cevia.ai\/certification-ia-microsoft-cours\/#primaryimage","url":"https:\/\/cevia.ai\/wp-content\/uploads\/2025\/11\/CEVIA-3.webp","contentUrl":"https:\/\/cevia.ai\/wp-content\/uploads\/2025\/11\/CEVIA-3.webp"},{"@type":"BreadcrumbList","@id":"https:\/\/cevia.ai\/certification-ia-microsoft-cours\/#breadcrumb","itemListElement":[{"@type":"ListItem","position":1,"name":"Accueil","item":"https:\/\/cevia.ai\/"},{"@type":"ListItem","position":2,"name":"Certification IA Microsoft \u2013 Cours"}]},{"@type":"WebSite","@id":"https:\/\/cevia.ai\/#website","url":"https:\/\/cevia.ai\/","name":"CEVIA","description":"Intelligence artificielle","publisher":{"@id":"https:\/\/cevia.ai\/#organization"},"potentialAction":[{"@type":"SearchAction","target":{"@type":"EntryPoint","urlTemplate":"https:\/\/cevia.ai\/?s={search_term_string}"},"query-input":{"@type":"PropertyValueSpecification","valueRequired":true,"valueName":"search_term_string"}}],"inLanguage":"en-GB"},{"@type":"Organization","@id":"https:\/\/cevia.ai\/#organization","name":"CEVIA","url":"https:\/\/cevia.ai\/","logo":{"@type":"ImageObject","inLanguage":"en-GB","@id":"https:\/\/cevia.ai\/#\/schema\/logo\/image\/","url":"https:\/\/cevia.ai\/wp-content\/uploads\/2025\/11\/CEVIA-white-logo.svg","contentUrl":"https:\/\/cevia.ai\/wp-content\/uploads\/2025\/11\/CEVIA-white-logo.svg","width":100,"height":1920,"caption":"CEVIA"},"image":{"@id":"https:\/\/cevia.ai\/#\/schema\/logo\/image\/"},"sameAs":["https:\/\/www.facebook.com\/cevia.a.i","https:\/\/www.linkedin.com\/company\/cevia-ai\/?originalSubdomain=be","https:\/\/www.youtube.com\/@cevia.ai250"]}]}},"jetpack_sharing_enabled":true,"_links":{"self":[{"href":"https:\/\/cevia.ai\/en\/wp-json\/wp\/v2\/pages\/1637","targetHints":{"allow":["GET"]}}],"collection":[{"href":"https:\/\/cevia.ai\/en\/wp-json\/wp\/v2\/pages"}],"about":[{"href":"https:\/\/cevia.ai\/en\/wp-json\/wp\/v2\/types\/page"}],"author":[{"embeddable":true,"href":"https:\/\/cevia.ai\/en\/wp-json\/wp\/v2\/users\/2"}],"replies":[{"embeddable":true,"href":"https:\/\/cevia.ai\/en\/wp-json\/wp\/v2\/comments?post=1637"}],"version-history":[{"count":10,"href":"https:\/\/cevia.ai\/en\/wp-json\/wp\/v2\/pages\/1637\/revisions"}],"predecessor-version":[{"id":1738,"href":"https:\/\/cevia.ai\/en\/wp-json\/wp\/v2\/pages\/1637\/revisions\/1738"}],"wp:attachment":[{"href":"https:\/\/cevia.ai\/en\/wp-json\/wp\/v2\/media?parent=1637"}],"curies":[{"name":"wp","href":"https:\/\/api.w.org\/{rel}","templated":true}]}}