{"id":2058,"date":"2025-11-26T10:43:17","date_gmt":"2025-11-26T10:43:17","guid":{"rendered":"https:\/\/dev-cevia.com\/?page_id=2058"},"modified":"2025-12-02T06:39:54","modified_gmt":"2025-12-02T05:39:54","slug":"politique-de-cookies","status":"publish","type":"page","link":"https:\/\/cevia.ai\/en\/politique-de-cookies\/","title":{"rendered":"Politique de Cookies"},"content":{"rendered":"<div data-elementor-type=\"wp-page\" data-elementor-id=\"2058\" class=\"elementor elementor-2058\" data-elementor-post-type=\"page\">\n\t\t\t\t\t\t<section class=\"elementor-section elementor-top-section elementor-element elementor-element-11f026a3 elementor-section-height-min-height elementor-section-boxed elementor-section-height-default elementor-section-items-middle\" data-id=\"11f026a3\" data-element_type=\"section\" data-e-type=\"section\" data-settings=\"{&quot;background_background&quot;:&quot;classic&quot;}\">\n\t\t\t\t\t\t\t<div class=\"elementor-background-overlay\"><\/div>\n\t\t\t\t\t\t\t<div class=\"elementor-container elementor-column-gap-default\">\n\t\t\t\t\t<div class=\"elementor-column elementor-col-50 elementor-top-column elementor-element elementor-element-6b7ea1d6\" data-id=\"6b7ea1d6\" data-element_type=\"column\" data-e-type=\"column\">\n\t\t\t<div class=\"elementor-widget-wrap elementor-element-populated\">\n\t\t\t\t\t\t<div class=\"elementor-element elementor-element-7b5d7ac6 elementor-invisible elementor-widget elementor-widget-heading\" data-id=\"7b5d7ac6\" data-element_type=\"widget\" data-e-type=\"widget\" data-settings=\"{&quot;_animation&quot;:&quot;fadeInDown&quot;}\" data-widget_type=\"heading.default\">\n\t\t\t\t<div class=\"elementor-widget-container\">\n\t\t\t\t\t<h1 class=\"elementor-heading-title elementor-size-default\">Politique de Cookies<\/h1>\t\t\t\t<\/div>\n\t\t\t\t<\/div>\n\t\t\t\t<div class=\"elementor-element elementor-element-018c8e7 elementor-widget elementor-widget-text-editor\" data-id=\"018c8e7\" data-element_type=\"widget\" data-e-type=\"widget\" data-widget_type=\"text-editor.default\">\n\t\t\t\t<div class=\"elementor-widget-container\">\n\t\t\t\t\t\t\t\t\t<p data-start=\"3383\" data-end=\"3426\">Last Updated: \u00a0<strong>02 \/ 12 \/2025<\/strong><\/p>\t\t\t\t\t\t\t\t<\/div>\n\t\t\t\t<\/div>\n\t\t\t\t\t<\/div>\n\t\t<\/div>\n\t\t\t\t<div class=\"elementor-column elementor-col-50 elementor-top-column elementor-element elementor-element-19f8c5d8\" data-id=\"19f8c5d8\" data-element_type=\"column\" data-e-type=\"column\">\n\t\t\t<div class=\"elementor-widget-wrap elementor-element-populated\">\n\t\t\t\t\t\t<div class=\"elementor-element elementor-element-6fa04272 elementor-invisible elementor-widget elementor-widget-image\" data-id=\"6fa04272\" data-element_type=\"widget\" data-e-type=\"widget\" data-settings=\"{&quot;_animation&quot;:&quot;fadeInRight&quot;}\" data-widget_type=\"image.default\">\n\t\t\t\t<div class=\"elementor-widget-container\">\n\t\t\t\t\t\t\t\t\t\t\t\t\t\t\t<img fetchpriority=\"high\" decoding=\"async\" width=\"888\" height=\"690\" src=\"https:\/\/cevia.ai\/wp-content\/uploads\/2025\/11\/Security-1.png\" class=\"attachment-full size-full wp-image-2048\" alt=\"\" srcset=\"https:\/\/cevia.ai\/wp-content\/uploads\/2025\/11\/Security-1.png 888w, https:\/\/cevia.ai\/wp-content\/uploads\/2025\/11\/Security-1-300x233.png 300w, https:\/\/cevia.ai\/wp-content\/uploads\/2025\/11\/Security-1-768x597.png 768w, https:\/\/cevia.ai\/wp-content\/uploads\/2025\/11\/Security-1-129x100.png 129w, https:\/\/cevia.ai\/wp-content\/uploads\/2025\/11\/Security-1-103x80.png 103w, https:\/\/cevia.ai\/wp-content\/uploads\/2025\/11\/Security-1-390x303.png 390w, https:\/\/cevia.ai\/wp-content\/uploads\/2025\/11\/Security-1-600x466.png 600w\" sizes=\"(max-width: 888px) 100vw, 888px\" \/>\t\t\t\t\t\t\t\t\t\t\t\t\t\t\t<\/div>\n\t\t\t\t<\/div>\n\t\t\t\t\t<\/div>\n\t\t<\/div>\n\t\t\t\t\t<\/div>\n\t\t<\/section>\n\t\t\t\t<section class=\"elementor-section elementor-top-section elementor-element elementor-element-1995fdc8 elementor-section-boxed elementor-section-height-default elementor-section-height-default\" data-id=\"1995fdc8\" data-element_type=\"section\" data-e-type=\"section\" id=\"intro\">\n\t\t\t\t\t\t<div class=\"elementor-container elementor-column-gap-default\">\n\t\t\t\t\t<div class=\"elementor-column elementor-col-100 elementor-top-column elementor-element elementor-element-4036c253\" data-id=\"4036c253\" data-element_type=\"column\" data-e-type=\"column\" data-settings=\"{&quot;background_background&quot;:&quot;classic&quot;}\">\n\t\t\t<div class=\"elementor-widget-wrap elementor-element-populated\">\n\t\t\t\t\t\t<div class=\"elementor-element elementor-element-fbc13b2 elementor-widget elementor-widget-heading\" data-id=\"fbc13b2\" data-element_type=\"widget\" data-e-type=\"widget\" data-widget_type=\"heading.default\">\n\t\t\t\t<div class=\"elementor-widget-container\">\n\t\t\t\t\t<h3 class=\"elementor-heading-title elementor-size-default\">1. Introduction<\/h3>\t\t\t\t<\/div>\n\t\t\t\t<\/div>\n\t\t\t\t<div class=\"elementor-element elementor-element-d4db20c elementor-widget elementor-widget-text-editor\" data-id=\"d4db20c\" data-element_type=\"widget\" data-e-type=\"widget\" data-widget_type=\"text-editor.default\">\n\t\t\t\t<div class=\"elementor-widget-container\">\n\t\t\t\t\t\t\t\t\tLa pr\u00e9sente politique explique l\u2019usage des cookies sur le site <strong> <a href=\"https:\/\/cevia.ai\/en\/\"> www.cevia.ai <\/a><\/strong>.\nEn visitant le site, vous pouvez accepter ou refuser certains cookies via le bandeau d\u00e9di\u00e9.\t\t\t\t\t\t\t\t<\/div>\n\t\t\t\t<\/div>\n\t\t\t\t<div class=\"elementor-element elementor-element-68fa112 elementor-widget elementor-widget-heading\" data-id=\"68fa112\" data-element_type=\"widget\" data-e-type=\"widget\" data-widget_type=\"heading.default\">\n\t\t\t\t<div class=\"elementor-widget-container\">\n\t\t\t\t\t<h3 class=\"elementor-heading-title elementor-size-default\">2. Qu\u2019est-ce qu\u2019un cookie ?<\/h3>\t\t\t\t<\/div>\n\t\t\t\t<\/div>\n\t\t\t\t<div class=\"elementor-element elementor-element-0e4f8bb elementor-widget elementor-widget-text-editor\" data-id=\"0e4f8bb\" data-element_type=\"widget\" data-e-type=\"widget\" data-widget_type=\"text-editor.default\">\n\t\t\t\t<div class=\"elementor-widget-container\">\n\t\t\t\t\t\t\t\t\t<p data-start=\"5480\" data-end=\"5521\">Un cookie est un petit fichier enregistr\u00e9 sur votre appareil lors de la navigation.<br \/>Il permet notamment d\u2019am\u00e9liorer votre exp\u00e9rience utilisateur et de mesurer l\u2019audience du site.<\/p>\t\t\t\t\t\t\t\t<\/div>\n\t\t\t\t<\/div>\n\t\t\t\t<div class=\"elementor-element elementor-element-698cf71 elementor-widget elementor-widget-heading\" data-id=\"698cf71\" data-element_type=\"widget\" data-e-type=\"widget\" data-widget_type=\"heading.default\">\n\t\t\t\t<div class=\"elementor-widget-container\">\n\t\t\t\t\t<h3 class=\"elementor-heading-title elementor-size-default\">3. Types de cookies utilis\u00e9s<\/h3>\t\t\t\t<\/div>\n\t\t\t\t<\/div>\n\t\t\t\t<div class=\"elementor-element elementor-element-f67c38f elementor-widget elementor-widget-heading\" data-id=\"f67c38f\" data-element_type=\"widget\" data-e-type=\"widget\" data-widget_type=\"heading.default\">\n\t\t\t\t<div class=\"elementor-widget-container\">\n\t\t\t\t\t<h4 class=\"elementor-heading-title elementor-size-default\">3.1. Cookies strictement n\u00e9cessaires<\/h4>\t\t\t\t<\/div>\n\t\t\t\t<\/div>\n\t\t\t\t<div class=\"elementor-element elementor-element-01bdb66 elementor-widget elementor-widget-text-editor\" data-id=\"01bdb66\" data-element_type=\"widget\" data-e-type=\"widget\" data-widget_type=\"text-editor.default\">\n\t\t\t\t<div class=\"elementor-widget-container\">\n\t\t\t\t\t\t\t\t\t<p data-start=\"5841\" data-end=\"5946\">Indispensables au fonctionnement du site.<br \/>Ils permettent par exemple :<\/p><ul><li data-start=\"5841\" data-end=\"5946\">d\u2019assurer la s\u00e9curit\u00e9 du site ;<\/li><li data-start=\"5841\" data-end=\"5946\">de m\u00e9moriser vos pr\u00e9f\u00e9rences essentielles.<\/li><\/ul><p data-start=\"5841\" data-end=\"5946\">Ces cookies ne peuvent pas \u00eatre d\u00e9sactiv\u00e9s.<\/p>\t\t\t\t\t\t\t\t<\/div>\n\t\t\t\t<\/div>\n\t\t\t\t<div class=\"elementor-element elementor-element-8c2a55f elementor-widget elementor-widget-heading\" data-id=\"8c2a55f\" data-element_type=\"widget\" data-e-type=\"widget\" data-widget_type=\"heading.default\">\n\t\t\t\t<div class=\"elementor-widget-container\">\n\t\t\t\t\t<h4 class=\"elementor-heading-title elementor-size-default\">3.2. Cookies de performance \/ analytique<\/h4>\t\t\t\t<\/div>\n\t\t\t\t<\/div>\n\t\t\t\t<div class=\"elementor-element elementor-element-f6d4589 elementor-widget elementor-widget-text-editor\" data-id=\"f6d4589\" data-element_type=\"widget\" data-e-type=\"widget\" data-widget_type=\"text-editor.default\">\n\t\t\t\t<div class=\"elementor-widget-container\">\n\t\t\t\t\t\t\t\t\t<p>Utilis\u00e9s pour analyser l\u2019usage du site et am\u00e9liorer son fonctionnement.<br \/>Exemples :<\/p><ul><li><strong>Google Analytics 4<\/strong> (IP anonymis\u00e9e)<\/li><li>Cookies de mesure de trafic<\/li><\/ul><p>Base l\u00e9gale : <strong>consentement<\/strong>.<\/p>\t\t\t\t\t\t\t\t<\/div>\n\t\t\t\t<\/div>\n\t\t\t\t<div class=\"elementor-element elementor-element-a6c3340 elementor-widget elementor-widget-heading\" data-id=\"a6c3340\" data-element_type=\"widget\" data-e-type=\"widget\" data-widget_type=\"heading.default\">\n\t\t\t\t<div class=\"elementor-widget-container\">\n\t\t\t\t\t<h4 class=\"elementor-heading-title elementor-size-default\">3.3. Cookies fonctionnels<\/h4>\t\t\t\t<\/div>\n\t\t\t\t<\/div>\n\t\t\t\t<div class=\"elementor-element elementor-element-e696d71 elementor-widget elementor-widget-text-editor\" data-id=\"e696d71\" data-element_type=\"widget\" data-e-type=\"widget\" data-widget_type=\"text-editor.default\">\n\t\t\t\t<div class=\"elementor-widget-container\">\n\t\t\t\t\t\t\t\t\t<p>Permettent d\u2019am\u00e9liorer l\u2019exp\u00e9rience utilisateur.<br \/>Exemples :<\/p><ul><li>m\u00e9morisation des pr\u00e9f\u00e9rences ;<\/li><li>am\u00e9lioration de l\u2019affichage.<br \/>Base l\u00e9gale : <strong>consentement<\/strong>.<\/li><\/ul>\t\t\t\t\t\t\t\t<\/div>\n\t\t\t\t<\/div>\n\t\t\t\t<div class=\"elementor-element elementor-element-fcfcb88 elementor-widget elementor-widget-heading\" data-id=\"fcfcb88\" data-element_type=\"widget\" data-e-type=\"widget\" data-widget_type=\"heading.default\">\n\t\t\t\t<div class=\"elementor-widget-container\">\n\t\t\t\t\t<h4 class=\"elementor-heading-title elementor-size-default\">3.4. Cookies marketing \/ tracking<\/h4>\t\t\t\t<\/div>\n\t\t\t\t<\/div>\n\t\t\t\t<div class=\"elementor-element elementor-element-a9eb9c0 elementor-widget elementor-widget-text-editor\" data-id=\"a9eb9c0\" data-element_type=\"widget\" data-e-type=\"widget\" data-widget_type=\"text-editor.default\">\n\t\t\t\t<div class=\"elementor-widget-container\">\n\t\t\t\t\t\t\t\t\t<p>Utilis\u00e9s pour :<\/p><ul><li>mesurer les conversions ;<\/li><li>personnaliser le contenu commercial ;<\/li><li>analyser les campagnes publicitaires.<\/li><\/ul><p>Base l\u00e9gale : <strong>consentement<\/strong>.<\/p>\t\t\t\t\t\t\t\t<\/div>\n\t\t\t\t<\/div>\n\t\t\t\t<div class=\"elementor-element elementor-element-40e581f elementor-widget elementor-widget-heading\" data-id=\"40e581f\" data-element_type=\"widget\" data-e-type=\"widget\" data-widget_type=\"heading.default\">\n\t\t\t\t<div class=\"elementor-widget-container\">\n\t\t\t\t\t<h3 class=\"elementor-heading-title elementor-size-default\">4. Dur\u00e9e de conservation<\/h3>\t\t\t\t<\/div>\n\t\t\t\t<\/div>\n\t\t\t\t<div class=\"elementor-element elementor-element-642f6d1 elementor-widget elementor-widget-text-editor\" data-id=\"642f6d1\" data-element_type=\"widget\" data-e-type=\"widget\" data-widget_type=\"text-editor.default\">\n\t\t\t\t<div class=\"elementor-widget-container\">\n\t\t\t\t\t\t\t\t\t<ul><li data-start=\"5985\" data-end=\"5998\">Cookies de session : supprim\u00e9s \u00e0 la fermeture du navigateur<\/li><li data-start=\"5985\" data-end=\"5998\">Cookies persistants : 1 \u00e0 13 mois selon leur type<\/li><\/ul><p data-start=\"5985\" data-end=\"5998\">Les dur\u00e9es exactes peuvent \u00eatre consult\u00e9es dans le bandeau de gestion des cookies.<\/p>\t\t\t\t\t\t\t\t<\/div>\n\t\t\t\t<\/div>\n\t\t\t\t<div class=\"elementor-element elementor-element-1c65744 elementor-widget elementor-widget-heading\" data-id=\"1c65744\" data-element_type=\"widget\" data-e-type=\"widget\" data-widget_type=\"heading.default\">\n\t\t\t\t<div class=\"elementor-widget-container\">\n\t\t\t\t\t<h3 class=\"elementor-heading-title elementor-size-default\">5. Gestion des cookies<\/h3>\t\t\t\t<\/div>\n\t\t\t\t<\/div>\n\t\t\t\t<div class=\"elementor-element elementor-element-7121809 elementor-widget elementor-widget-text-editor\" data-id=\"7121809\" data-element_type=\"widget\" data-e-type=\"widget\" data-widget_type=\"text-editor.default\">\n\t\t\t\t<div class=\"elementor-widget-container\">\n\t\t\t\t\t\t\t\t\t<p data-start=\"6171\" data-end=\"6246\">Vous pouvez g\u00e9rer vos pr\u00e9f\u00e9rences via :<\/p><ul><li data-start=\"6171\" data-end=\"6246\">le bandeau d\u2019acceptation des cookies ;<\/li><li data-start=\"6171\" data-end=\"6246\">les param\u00e8tres de votre navigateur (Chrome, Firefox, Edge, Safari).<\/li><\/ul><p data-start=\"6171\" data-end=\"6246\">Le refus de certains cookies peut r\u00e9duire certaines fonctionnalit\u00e9s du site.<\/p>\t\t\t\t\t\t\t\t<\/div>\n\t\t\t\t<\/div>\n\t\t\t\t<div class=\"elementor-element elementor-element-e5a49b9 elementor-widget elementor-widget-heading\" data-id=\"e5a49b9\" data-element_type=\"widget\" data-e-type=\"widget\" data-widget_type=\"heading.default\">\n\t\t\t\t<div class=\"elementor-widget-container\">\n\t\t\t\t\t<h3 class=\"elementor-heading-title elementor-size-default\">6. Contact<\/h3>\t\t\t\t<\/div>\n\t\t\t\t<\/div>\n\t\t\t\t<div class=\"elementor-element elementor-element-523f7f3 elementor-widget elementor-widget-text-editor\" data-id=\"523f7f3\" data-element_type=\"widget\" data-e-type=\"widget\" data-widget_type=\"text-editor.default\">\n\t\t\t\t<div class=\"elementor-widget-container\">\n\t\t\t\t\t\t\t\t\t<p data-start=\"6273\" data-end=\"6315\">Pour toute question relative aux cookies :<br \/>\ud83d\udce7\u00a0<strong style=\"color: #0a87c3;\">info@cevia.ai<\/strong><\/p>\t\t\t\t\t\t\t\t<\/div>\n\t\t\t\t<\/div>\n\t\t\t\t\t<\/div>\n\t\t<\/div>\n\t\t\t\t\t<\/div>\n\t\t<\/section>\n\t\t\t\t<\/div>","protected":false},"excerpt":{"rendered":"<p>Politique de Cookies Derni\u00e8re mise \u00e0 jour : \u00a002 \/ 12 \/2025 1. Introduction La pr\u00e9sente politique explique l\u2019usage des cookies sur le site www.cevia.ai . En visitant le site, vous pouvez accepter ou refuser certains cookies via le bandeau &hellip; <a href=\"https:\/\/cevia.ai\/en\/politique-de-cookies\/\">Read More<\/a><\/p>","protected":false},"author":2,"featured_media":0,"parent":0,"menu_order":0,"comment_status":"closed","ping_status":"closed","template":"","meta":{"footnotes":""},"class_list":["post-2058","page","type-page","status-publish","hentry"],"yoast_head":"<!-- This site is optimized with the Yoast SEO plugin v27.2 - https:\/\/yoast.com\/product\/yoast-seo-wordpress\/ -->\n<title>Politique de Cookies - CEVIA<\/title>\n<meta name=\"robots\" content=\"index, follow, max-snippet:-1, max-image-preview:large, max-video-preview:-1\" \/>\n<link rel=\"canonical\" href=\"https:\/\/cevia.ai\/en\/politique-de-cookies\/\" \/>\n<meta property=\"og:locale\" content=\"en_GB\" \/>\n<meta property=\"og:type\" content=\"article\" \/>\n<meta property=\"og:title\" content=\"Politique de Cookies - CEVIA\" \/>\n<meta property=\"og:description\" content=\"Politique de Cookies Derni\u00e8re mise \u00e0 jour : \u00a002 \/ 12 \/2025 1. Introduction La pr\u00e9sente politique explique l\u2019usage des cookies sur le site www.cevia.ai . En visitant le site, vous pouvez accepter ou refuser certains cookies via le bandeau &hellip; Read More\" \/>\n<meta property=\"og:url\" content=\"https:\/\/cevia.ai\/en\/politique-de-cookies\/\" \/>\n<meta property=\"og:site_name\" content=\"CEVIA\" \/>\n<meta property=\"article:publisher\" content=\"https:\/\/www.facebook.com\/cevia.a.i\" \/>\n<meta property=\"article:modified_time\" content=\"2025-12-02T05:39:54+00:00\" \/>\n<meta property=\"og:image\" content=\"https:\/\/cevia.ai\/wp-content\/uploads\/2025\/11\/Security-1.png\" \/>\n\t<meta property=\"og:image:width\" content=\"888\" \/>\n\t<meta property=\"og:image:height\" content=\"690\" \/>\n\t<meta property=\"og:image:type\" content=\"image\/png\" \/>\n<meta name=\"twitter:card\" content=\"summary_large_image\" \/>\n<meta name=\"twitter:label1\" content=\"Estimated reading time\" \/>\n\t<meta name=\"twitter:data1\" content=\"1 minute\" \/>\n<script type=\"application\/ld+json\" class=\"yoast-schema-graph\">{\"@context\":\"https:\/\/schema.org\",\"@graph\":[{\"@type\":\"WebPage\",\"@id\":\"https:\/\/cevia.ai\/politique-de-cookies\/\",\"url\":\"https:\/\/cevia.ai\/politique-de-cookies\/\",\"name\":\"Politique de Cookies - CEVIA\",\"isPartOf\":{\"@id\":\"https:\/\/cevia.ai\/#website\"},\"primaryImageOfPage\":{\"@id\":\"https:\/\/cevia.ai\/politique-de-cookies\/#primaryimage\"},\"image\":{\"@id\":\"https:\/\/cevia.ai\/politique-de-cookies\/#primaryimage\"},\"thumbnailUrl\":\"https:\/\/cevia.ai\/wp-content\/uploads\/2025\/11\/Security-1.png\",\"datePublished\":\"2025-11-26T10:43:17+00:00\",\"dateModified\":\"2025-12-02T05:39:54+00:00\",\"breadcrumb\":{\"@id\":\"https:\/\/cevia.ai\/politique-de-cookies\/#breadcrumb\"},\"inLanguage\":\"en-GB\",\"potentialAction\":[{\"@type\":\"ReadAction\",\"target\":[\"https:\/\/cevia.ai\/politique-de-cookies\/\"]}]},{\"@type\":\"ImageObject\",\"inLanguage\":\"en-GB\",\"@id\":\"https:\/\/cevia.ai\/politique-de-cookies\/#primaryimage\",\"url\":\"https:\/\/cevia.ai\/wp-content\/uploads\/2025\/11\/Security-1.png\",\"contentUrl\":\"https:\/\/cevia.ai\/wp-content\/uploads\/2025\/11\/Security-1.png\"},{\"@type\":\"BreadcrumbList\",\"@id\":\"https:\/\/cevia.ai\/politique-de-cookies\/#breadcrumb\",\"itemListElement\":[{\"@type\":\"ListItem\",\"position\":1,\"name\":\"Accueil\",\"item\":\"https:\/\/cevia.ai\/\"},{\"@type\":\"ListItem\",\"position\":2,\"name\":\"Politique de Cookies\"}]},{\"@type\":\"WebSite\",\"@id\":\"https:\/\/cevia.ai\/#website\",\"url\":\"https:\/\/cevia.ai\/\",\"name\":\"CEVIA\",\"description\":\"Intelligence artificielle\",\"publisher\":{\"@id\":\"https:\/\/cevia.ai\/#organization\"},\"potentialAction\":[{\"@type\":\"SearchAction\",\"target\":{\"@type\":\"EntryPoint\",\"urlTemplate\":\"https:\/\/cevia.ai\/?s={search_term_string}\"},\"query-input\":{\"@type\":\"PropertyValueSpecification\",\"valueRequired\":true,\"valueName\":\"search_term_string\"}}],\"inLanguage\":\"en-GB\"},{\"@type\":\"Organization\",\"@id\":\"https:\/\/cevia.ai\/#organization\",\"name\":\"CEVIA\",\"url\":\"https:\/\/cevia.ai\/\",\"logo\":{\"@type\":\"ImageObject\",\"inLanguage\":\"en-GB\",\"@id\":\"https:\/\/cevia.ai\/#\/schema\/logo\/image\/\",\"url\":\"https:\/\/cevia.ai\/wp-content\/uploads\/2025\/11\/CEVIA-white-logo.svg\",\"contentUrl\":\"https:\/\/cevia.ai\/wp-content\/uploads\/2025\/11\/CEVIA-white-logo.svg\",\"width\":100,\"height\":1920,\"caption\":\"CEVIA\"},\"image\":{\"@id\":\"https:\/\/cevia.ai\/#\/schema\/logo\/image\/\"},\"sameAs\":[\"https:\/\/www.facebook.com\/cevia.a.i\",\"https:\/\/www.linkedin.com\/company\/cevia-ai\/?originalSubdomain=be\",\"https:\/\/www.youtube.com\/@cevia.ai250\"]}]}<\/script>\n<!-- \/ Yoast SEO plugin. -->","yoast_head_json":{"title":"Politique de Cookies - CEVIA","robots":{"index":"index","follow":"follow","max-snippet":"max-snippet:-1","max-image-preview":"max-image-preview:large","max-video-preview":"max-video-preview:-1"},"canonical":"https:\/\/cevia.ai\/en\/politique-de-cookies\/","og_locale":"en_GB","og_type":"article","og_title":"Politique de Cookies - CEVIA","og_description":"Politique de Cookies Derni\u00e8re mise \u00e0 jour : \u00a002 \/ 12 \/2025 1. Introduction La pr\u00e9sente politique explique l\u2019usage des cookies sur le site www.cevia.ai . En visitant le site, vous pouvez accepter ou refuser certains cookies via le bandeau &hellip; Read More","og_url":"https:\/\/cevia.ai\/en\/politique-de-cookies\/","og_site_name":"CEVIA","article_publisher":"https:\/\/www.facebook.com\/cevia.a.i","article_modified_time":"2025-12-02T05:39:54+00:00","og_image":[{"width":888,"height":690,"url":"https:\/\/cevia.ai\/wp-content\/uploads\/2025\/11\/Security-1.png","type":"image\/png"}],"twitter_card":"summary_large_image","twitter_misc":{"Estimated reading time":"1 minute"},"schema":{"@context":"https:\/\/schema.org","@graph":[{"@type":"WebPage","@id":"https:\/\/cevia.ai\/politique-de-cookies\/","url":"https:\/\/cevia.ai\/politique-de-cookies\/","name":"Politique de Cookies - CEVIA","isPartOf":{"@id":"https:\/\/cevia.ai\/#website"},"primaryImageOfPage":{"@id":"https:\/\/cevia.ai\/politique-de-cookies\/#primaryimage"},"image":{"@id":"https:\/\/cevia.ai\/politique-de-cookies\/#primaryimage"},"thumbnailUrl":"https:\/\/cevia.ai\/wp-content\/uploads\/2025\/11\/Security-1.png","datePublished":"2025-11-26T10:43:17+00:00","dateModified":"2025-12-02T05:39:54+00:00","breadcrumb":{"@id":"https:\/\/cevia.ai\/politique-de-cookies\/#breadcrumb"},"inLanguage":"en-GB","potentialAction":[{"@type":"ReadAction","target":["https:\/\/cevia.ai\/politique-de-cookies\/"]}]},{"@type":"ImageObject","inLanguage":"en-GB","@id":"https:\/\/cevia.ai\/politique-de-cookies\/#primaryimage","url":"https:\/\/cevia.ai\/wp-content\/uploads\/2025\/11\/Security-1.png","contentUrl":"https:\/\/cevia.ai\/wp-content\/uploads\/2025\/11\/Security-1.png"},{"@type":"BreadcrumbList","@id":"https:\/\/cevia.ai\/politique-de-cookies\/#breadcrumb","itemListElement":[{"@type":"ListItem","position":1,"name":"Accueil","item":"https:\/\/cevia.ai\/"},{"@type":"ListItem","position":2,"name":"Politique de Cookies"}]},{"@type":"WebSite","@id":"https:\/\/cevia.ai\/#website","url":"https:\/\/cevia.ai\/","name":"CEVIA","description":"Intelligence artificielle","publisher":{"@id":"https:\/\/cevia.ai\/#organization"},"potentialAction":[{"@type":"SearchAction","target":{"@type":"EntryPoint","urlTemplate":"https:\/\/cevia.ai\/?s={search_term_string}"},"query-input":{"@type":"PropertyValueSpecification","valueRequired":true,"valueName":"search_term_string"}}],"inLanguage":"en-GB"},{"@type":"Organization","@id":"https:\/\/cevia.ai\/#organization","name":"CEVIA","url":"https:\/\/cevia.ai\/","logo":{"@type":"ImageObject","inLanguage":"en-GB","@id":"https:\/\/cevia.ai\/#\/schema\/logo\/image\/","url":"https:\/\/cevia.ai\/wp-content\/uploads\/2025\/11\/CEVIA-white-logo.svg","contentUrl":"https:\/\/cevia.ai\/wp-content\/uploads\/2025\/11\/CEVIA-white-logo.svg","width":100,"height":1920,"caption":"CEVIA"},"image":{"@id":"https:\/\/cevia.ai\/#\/schema\/logo\/image\/"},"sameAs":["https:\/\/www.facebook.com\/cevia.a.i","https:\/\/www.linkedin.com\/company\/cevia-ai\/?originalSubdomain=be","https:\/\/www.youtube.com\/@cevia.ai250"]}]}},"jetpack_sharing_enabled":true,"_links":{"self":[{"href":"https:\/\/cevia.ai\/en\/wp-json\/wp\/v2\/pages\/2058","targetHints":{"allow":["GET"]}}],"collection":[{"href":"https:\/\/cevia.ai\/en\/wp-json\/wp\/v2\/pages"}],"about":[{"href":"https:\/\/cevia.ai\/en\/wp-json\/wp\/v2\/types\/page"}],"author":[{"embeddable":true,"href":"https:\/\/cevia.ai\/en\/wp-json\/wp\/v2\/users\/2"}],"replies":[{"embeddable":true,"href":"https:\/\/cevia.ai\/en\/wp-json\/wp\/v2\/comments?post=2058"}],"version-history":[{"count":19,"href":"https:\/\/cevia.ai\/en\/wp-json\/wp\/v2\/pages\/2058\/revisions"}],"predecessor-version":[{"id":2378,"href":"https:\/\/cevia.ai\/en\/wp-json\/wp\/v2\/pages\/2058\/revisions\/2378"}],"wp:attachment":[{"href":"https:\/\/cevia.ai\/en\/wp-json\/wp\/v2\/media?parent=2058"}],"curies":[{"name":"wp","href":"https:\/\/api.w.org\/{rel}","templated":true}]}}