{"id":727,"date":"2025-11-11T13:23:53","date_gmt":"2025-11-11T13:23:53","guid":{"rendered":"http:\/\/localhost:10020\/?page_id=727"},"modified":"2026-04-03T16:45:45","modified_gmt":"2026-04-03T14:45:45","slug":"blog","status":"publish","type":"page","link":"https:\/\/cevia.ai\/en\/blog\/","title":{"rendered":"Blog"},"content":{"rendered":"<div data-elementor-type=\"wp-post\" data-elementor-id=\"727\" class=\"elementor elementor-727\" data-elementor-post-type=\"page\">\n\t\t\t\t\t\t<section class=\"elementor-section elementor-top-section elementor-element elementor-element-6ebda63f elementor-section-height-min-height elementor-section-full_width elementor-section-height-default elementor-section-items-middle\" data-id=\"6ebda63f\" data-element_type=\"section\" data-e-type=\"section\" data-settings=\"{&quot;background_background&quot;:&quot;video&quot;,&quot;background_video_link&quot;:&quot;https:\\\/\\\/cevia.ai\\\/wp-content\\\/uploads\\\/2025\\\/11\\\/AdobeStock_320653418-1.mp4&quot;,&quot;background_play_on_mobile&quot;:&quot;yes&quot;}\">\n\t\t\t\t\t\t\t\t<div class=\"elementor-background-video-container\">\n\t\t\t\t\t\t\t\t\t\t\t\t\t<video class=\"elementor-background-video-hosted\" role=\"presentation\" autoplay muted playsinline loop><\/video>\n\t\t\t\t\t\t\t\t\t\t\t<\/div>\n\t\t\t\t\t\t\t\t\t<div class=\"elementor-background-overlay\"><\/div>\n\t\t\t\t\t\t\t<div class=\"elementor-container elementor-column-gap-default\">\n\t\t\t\t\t<div class=\"elementor-column elementor-col-100 elementor-top-column elementor-element elementor-element-5c2e97f5\" data-id=\"5c2e97f5\" data-element_type=\"column\" data-e-type=\"column\">\n\t\t\t<div class=\"elementor-widget-wrap elementor-element-populated\">\n\t\t\t\t\t\t<div class=\"elementor-element elementor-element-6e01435 elementor-widget elementor-widget-spacer\" data-id=\"6e01435\" data-element_type=\"widget\" data-e-type=\"widget\" data-widget_type=\"spacer.default\">\n\t\t\t\t<div class=\"elementor-widget-container\">\n\t\t\t\t\t\t\t<div class=\"elementor-spacer\">\n\t\t\t<div class=\"elementor-spacer-inner\"><\/div>\n\t\t<\/div>\n\t\t\t\t\t\t<\/div>\n\t\t\t\t<\/div>\n\t\t\t\t<div class=\"elementor-element elementor-element-2d8b878 elementor-view-default elementor-position-top elementor-widget elementor-widget-themo-header\" data-id=\"2d8b878\" data-element_type=\"widget\" data-e-type=\"widget\" data-widget_type=\"themo-header.default\">\n\t\t\t\t<div class=\"elementor-widget-container\">\n\t\t\t\t\t\t\t<div class=\"th-header-wrap\">\n        <div class=\"elementor-icon-box-wrapper\">\n                            <div class=\"elementor-icon-box-content\">\n                    <h1 class=\"elementor-icon-box-title\">\n                        Blog - CEVIA                    <\/h1>\n                                        <p class=\"elementor-icon-box-description\"><\/p>\n\n                                    <\/div>\n            <\/div>\n\n        <\/div>\n\n\t\t\t\t\t\t<\/div>\n\t\t\t\t<\/div>\n\t\t\t\t<div class=\"elementor-element elementor-element-2c49d89e elementor-widget elementor-widget-heading\" data-id=\"2c49d89e\" data-element_type=\"widget\" data-e-type=\"widget\" data-widget_type=\"heading.default\">\n\t\t\t\t<div class=\"elementor-widget-container\">\n\t\t\t\t\t<p class=\"elementor-heading-title elementor-size-default\">Suivez nos r\u00e9flexions, retours d\u2019exp\u00e9rience et conseils pratiques pour tirer le meilleur de l\u2019IA dans vos projets.<\/p>\t\t\t\t<\/div>\n\t\t\t\t<\/div>\n\t\t\t\t\t<\/div>\n\t\t<\/div>\n\t\t\t\t\t<\/div>\n\t\t<\/section>\n\t\t\t\t<section class=\"elementor-section elementor-top-section elementor-element elementor-element-2ce728f2 elementor-section-boxed elementor-section-height-default elementor-section-height-default\" data-id=\"2ce728f2\" data-element_type=\"section\" data-e-type=\"section\">\n\t\t\t\t\t\t<div class=\"elementor-container elementor-column-gap-default\">\n\t\t\t\t\t<div class=\"elementor-column elementor-col-100 elementor-top-column elementor-element elementor-element-3354a98f\" data-id=\"3354a98f\" data-element_type=\"column\" data-e-type=\"column\">\n\t\t\t<div class=\"elementor-widget-wrap elementor-element-populated\">\n\t\t\t\t\t\t<div class=\"elementor-element elementor-element-51873c27 elementor-widget elementor-widget-spacer\" data-id=\"51873c27\" data-element_type=\"widget\" data-e-type=\"widget\" data-widget_type=\"spacer.default\">\n\t\t\t\t<div class=\"elementor-widget-container\">\n\t\t\t\t\t\t\t<div class=\"elementor-spacer\">\n\t\t\t<div class=\"elementor-spacer-inner\"><\/div>\n\t\t<\/div>\n\t\t\t\t\t\t<\/div>\n\t\t\t\t<\/div>\n\t\t\t\t<div class=\"elementor-element elementor-element-5c734599 elementor-widget elementor-widget-themo-blog\" data-id=\"5c734599\" data-element_type=\"widget\" data-e-type=\"widget\" data-widget_type=\"themo-blog.default\">\n\t\t\t\t<div class=\"elementor-widget-container\">\n\t\t\t\t\t<div class=\"alert\">Sorry, no results were found.<\/div>\t\t\t\t<\/div>\n\t\t\t\t<\/div>\n\t\t\t\t<div class=\"elementor-element elementor-element-3673e373 elementor-widget elementor-widget-spacer\" data-id=\"3673e373\" data-element_type=\"widget\" data-e-type=\"widget\" data-widget_type=\"spacer.default\">\n\t\t\t\t<div class=\"elementor-widget-container\">\n\t\t\t\t\t\t\t<div class=\"elementor-spacer\">\n\t\t\t<div class=\"elementor-spacer-inner\"><\/div>\n\t\t<\/div>\n\t\t\t\t\t\t<\/div>\n\t\t\t\t<\/div>\n\t\t\t\t\t<\/div>\n\t\t<\/div>\n\t\t\t\t\t<\/div>\n\t\t<\/section>\n\t\t\t\t<\/div>","protected":false},"excerpt":{"rendered":"<p>Blog &#8211; CEVIA Suivez nos r\u00e9flexions, retours d\u2019exp\u00e9rience et conseils pratiques pour tirer le meilleur de l\u2019IA dans vos projets. Sorry, no results were found.<\/p>","protected":false},"author":2,"featured_media":0,"parent":0,"menu_order":13,"comment_status":"closed","ping_status":"closed","template":"","meta":{"footnotes":""},"class_list":["post-727","page","type-page","status-publish","hentry"],"yoast_head":"<!-- This site is optimized with the Yoast SEO plugin v27.2 - https:\/\/yoast.com\/product\/yoast-seo-wordpress\/ -->\n<title>Blog IA | Actualit\u00e9s &amp; Guides Experts - CEVIA<\/title>\n<meta name=\"description\" content=\"Actualit\u00e9s IA, guides pratiques sur le fine-tuning, RAG, conformit\u00e9 AI Act. Expertise CEVIA pour ma\u00eetriser l&#039;intelligence artificielle en entreprise.\" \/>\n<meta name=\"robots\" content=\"index, follow, max-snippet:-1, max-image-preview:large, max-video-preview:-1\" \/>\n<link rel=\"canonical\" href=\"https:\/\/cevia.ai\/en\/blog\/\" \/>\n<meta property=\"og:locale\" content=\"en_GB\" \/>\n<meta property=\"og:type\" content=\"article\" \/>\n<meta property=\"og:title\" content=\"Blog IA | Actualit\u00e9s &amp; Guides Experts - CEVIA\" \/>\n<meta property=\"og:description\" content=\"Actualit\u00e9s IA, guides pratiques sur le fine-tuning, RAG, conformit\u00e9 AI Act. Expertise CEVIA pour ma\u00eetriser l&#039;intelligence artificielle en entreprise.\" \/>\n<meta property=\"og:url\" content=\"https:\/\/cevia.ai\/en\/blog\/\" \/>\n<meta property=\"og:site_name\" content=\"CEVIA\" \/>\n<meta property=\"article:publisher\" content=\"https:\/\/www.facebook.com\/cevia.a.i\" \/>\n<meta property=\"article:modified_time\" content=\"2026-04-03T14:45:45+00:00\" \/>\n<meta name=\"twitter:card\" content=\"summary_large_image\" \/>\n<meta name=\"twitter:label1\" content=\"Estimated reading time\" \/>\n\t<meta name=\"twitter:data1\" content=\"1 minute\" \/>\n<script type=\"application\/ld+json\" class=\"yoast-schema-graph\">{\"@context\":\"https:\/\/schema.org\",\"@graph\":[{\"@type\":\"WebPage\",\"@id\":\"https:\/\/cevia.ai\/blog\/\",\"url\":\"https:\/\/cevia.ai\/blog\/\",\"name\":\"Blog IA | Actualit\u00e9s & Guides Experts - CEVIA\",\"isPartOf\":{\"@id\":\"https:\/\/cevia.ai\/#website\"},\"datePublished\":\"2025-11-11T13:23:53+00:00\",\"dateModified\":\"2026-04-03T14:45:45+00:00\",\"description\":\"Actualit\u00e9s IA, guides pratiques sur le fine-tuning, RAG, conformit\u00e9 AI Act. Expertise CEVIA pour ma\u00eetriser l'intelligence artificielle en entreprise.\",\"breadcrumb\":{\"@id\":\"https:\/\/cevia.ai\/blog\/#breadcrumb\"},\"inLanguage\":\"en-GB\",\"potentialAction\":[{\"@type\":\"ReadAction\",\"target\":[\"https:\/\/cevia.ai\/blog\/\"]}]},{\"@type\":\"BreadcrumbList\",\"@id\":\"https:\/\/cevia.ai\/blog\/#breadcrumb\",\"itemListElement\":[{\"@type\":\"ListItem\",\"position\":1,\"name\":\"Accueil\",\"item\":\"https:\/\/cevia.ai\/\"},{\"@type\":\"ListItem\",\"position\":2,\"name\":\"Blog\"}]},{\"@type\":\"WebSite\",\"@id\":\"https:\/\/cevia.ai\/#website\",\"url\":\"https:\/\/cevia.ai\/\",\"name\":\"CEVIA\",\"description\":\"Intelligence artificielle\",\"publisher\":{\"@id\":\"https:\/\/cevia.ai\/#organization\"},\"potentialAction\":[{\"@type\":\"SearchAction\",\"target\":{\"@type\":\"EntryPoint\",\"urlTemplate\":\"https:\/\/cevia.ai\/?s={search_term_string}\"},\"query-input\":{\"@type\":\"PropertyValueSpecification\",\"valueRequired\":true,\"valueName\":\"search_term_string\"}}],\"inLanguage\":\"en-GB\"},{\"@type\":\"Organization\",\"@id\":\"https:\/\/cevia.ai\/#organization\",\"name\":\"CEVIA\",\"url\":\"https:\/\/cevia.ai\/\",\"logo\":{\"@type\":\"ImageObject\",\"inLanguage\":\"en-GB\",\"@id\":\"https:\/\/cevia.ai\/#\/schema\/logo\/image\/\",\"url\":\"https:\/\/cevia.ai\/wp-content\/uploads\/2025\/11\/CEVIA-white-logo.svg\",\"contentUrl\":\"https:\/\/cevia.ai\/wp-content\/uploads\/2025\/11\/CEVIA-white-logo.svg\",\"width\":100,\"height\":1920,\"caption\":\"CEVIA\"},\"image\":{\"@id\":\"https:\/\/cevia.ai\/#\/schema\/logo\/image\/\"},\"sameAs\":[\"https:\/\/www.facebook.com\/cevia.a.i\",\"https:\/\/www.linkedin.com\/company\/cevia-ai\/?originalSubdomain=be\",\"https:\/\/www.youtube.com\/@cevia.ai250\"]}]}<\/script>\n<!-- \/ Yoast SEO plugin. -->","yoast_head_json":{"title":"Blog IA | Actualit\u00e9s & Guides Experts - CEVIA","description":"Actualit\u00e9s IA, guides pratiques sur le fine-tuning, RAG, conformit\u00e9 AI Act. Expertise CEVIA pour ma\u00eetriser l'intelligence artificielle en entreprise.","robots":{"index":"index","follow":"follow","max-snippet":"max-snippet:-1","max-image-preview":"max-image-preview:large","max-video-preview":"max-video-preview:-1"},"canonical":"https:\/\/cevia.ai\/en\/blog\/","og_locale":"en_GB","og_type":"article","og_title":"Blog IA | Actualit\u00e9s & Guides Experts - CEVIA","og_description":"Actualit\u00e9s IA, guides pratiques sur le fine-tuning, RAG, conformit\u00e9 AI Act. Expertise CEVIA pour ma\u00eetriser l'intelligence artificielle en entreprise.","og_url":"https:\/\/cevia.ai\/en\/blog\/","og_site_name":"CEVIA","article_publisher":"https:\/\/www.facebook.com\/cevia.a.i","article_modified_time":"2026-04-03T14:45:45+00:00","twitter_card":"summary_large_image","twitter_misc":{"Estimated reading time":"1 minute"},"schema":{"@context":"https:\/\/schema.org","@graph":[{"@type":"WebPage","@id":"https:\/\/cevia.ai\/blog\/","url":"https:\/\/cevia.ai\/blog\/","name":"Blog IA | Actualit\u00e9s & Guides Experts - CEVIA","isPartOf":{"@id":"https:\/\/cevia.ai\/#website"},"datePublished":"2025-11-11T13:23:53+00:00","dateModified":"2026-04-03T14:45:45+00:00","description":"Actualit\u00e9s IA, guides pratiques sur le fine-tuning, RAG, conformit\u00e9 AI Act. Expertise CEVIA pour ma\u00eetriser l'intelligence artificielle en entreprise.","breadcrumb":{"@id":"https:\/\/cevia.ai\/blog\/#breadcrumb"},"inLanguage":"en-GB","potentialAction":[{"@type":"ReadAction","target":["https:\/\/cevia.ai\/blog\/"]}]},{"@type":"BreadcrumbList","@id":"https:\/\/cevia.ai\/blog\/#breadcrumb","itemListElement":[{"@type":"ListItem","position":1,"name":"Accueil","item":"https:\/\/cevia.ai\/"},{"@type":"ListItem","position":2,"name":"Blog"}]},{"@type":"WebSite","@id":"https:\/\/cevia.ai\/#website","url":"https:\/\/cevia.ai\/","name":"CEVIA","description":"Intelligence artificielle","publisher":{"@id":"https:\/\/cevia.ai\/#organization"},"potentialAction":[{"@type":"SearchAction","target":{"@type":"EntryPoint","urlTemplate":"https:\/\/cevia.ai\/?s={search_term_string}"},"query-input":{"@type":"PropertyValueSpecification","valueRequired":true,"valueName":"search_term_string"}}],"inLanguage":"en-GB"},{"@type":"Organization","@id":"https:\/\/cevia.ai\/#organization","name":"CEVIA","url":"https:\/\/cevia.ai\/","logo":{"@type":"ImageObject","inLanguage":"en-GB","@id":"https:\/\/cevia.ai\/#\/schema\/logo\/image\/","url":"https:\/\/cevia.ai\/wp-content\/uploads\/2025\/11\/CEVIA-white-logo.svg","contentUrl":"https:\/\/cevia.ai\/wp-content\/uploads\/2025\/11\/CEVIA-white-logo.svg","width":100,"height":1920,"caption":"CEVIA"},"image":{"@id":"https:\/\/cevia.ai\/#\/schema\/logo\/image\/"},"sameAs":["https:\/\/www.facebook.com\/cevia.a.i","https:\/\/www.linkedin.com\/company\/cevia-ai\/?originalSubdomain=be","https:\/\/www.youtube.com\/@cevia.ai250"]}]}},"jetpack_sharing_enabled":true,"_links":{"self":[{"href":"https:\/\/cevia.ai\/en\/wp-json\/wp\/v2\/pages\/727","targetHints":{"allow":["GET"]}}],"collection":[{"href":"https:\/\/cevia.ai\/en\/wp-json\/wp\/v2\/pages"}],"about":[{"href":"https:\/\/cevia.ai\/en\/wp-json\/wp\/v2\/types\/page"}],"author":[{"embeddable":true,"href":"https:\/\/cevia.ai\/en\/wp-json\/wp\/v2\/users\/2"}],"replies":[{"embeddable":true,"href":"https:\/\/cevia.ai\/en\/wp-json\/wp\/v2\/comments?post=727"}],"version-history":[{"count":38,"href":"https:\/\/cevia.ai\/en\/wp-json\/wp\/v2\/pages\/727\/revisions"}],"predecessor-version":[{"id":2832,"href":"https:\/\/cevia.ai\/en\/wp-json\/wp\/v2\/pages\/727\/revisions\/2832"}],"wp:attachment":[{"href":"https:\/\/cevia.ai\/en\/wp-json\/wp\/v2\/media?parent=727"}],"curies":[{"name":"wp","href":"https:\/\/api.w.org\/{rel}","templated":true}]}}